{"id":654,"date":"2024-05-28T08:26:38","date_gmt":"2024-05-28T08:26:38","guid":{"rendered":"http:\/\/home2be.hu\/?page_id=654"},"modified":"2025-05-09T07:03:18","modified_gmt":"2025-05-09T07:03:18","slug":"rolunk","status":"publish","type":"page","link":"https:\/\/home2be.hu\/en\/rolunk\/","title":{"rendered":"About us"},"content":{"rendered":"<div class=\"wp-block-group alignwide animated fadeInUp slow delay-200ms has-global-padding is-layout-constrained wp-container-core-group-is-layout-7701f535 wp-block-group-is-layout-constrained\" style=\"margin-top:0;margin-bottom:0;padding-top:40px;padding-bottom:var(--wp--preset--spacing--40)\">\n<h2 class=\"wp-block-heading alignwide has-text-align-center\">About us<\/h2>\n<\/div>\n\n\n\n<div class=\"wp-block-group alignwide animated fadeInUp delay-200ms slow is-layout-flow wp-container-core-group-is-layout-4385843f wp-block-group-is-layout-flow\" style=\"margin-top:0;margin-bottom:0;padding-top:0px;padding-bottom:0px\">\n<p class=\"has-text-align-center\" style=\"font-size:clamp(1.198rem, 1.198rem + ((1vw - 0.2rem) * 1.074), 1.9rem);\">At Home2be, we specialize in the execution of residential projects and offer comprehensive interior design services. Our passion for creating beautiful and functional living spaces is rooted in the belief that \u2018Design is not just what it looks like and feels like. Design is how it works\u2019 (Steve Jobs). Let us transform your home into a place that reflects your style and meets your needs.<\/p>\n\n\n\n<div style=\"height:72px\" aria-hidden=\"true\" class=\"wp-block-spacer\"><\/div>\n<\/div>\n\n\n\n<div class=\"wp-block-columns alignwide is-layout-flex wp-container-core-columns-is-layout-9c22b1e3 wp-block-columns-is-layout-flex\">\n<div class=\"wp-block-column animated fadeInUp ek-linked-block slow is-layout-flow wp-container-core-column-is-layout-7780cd26 wp-block-column-is-layout-flow\" style=\"padding-top:var(--wp--preset--spacing--10);padding-right:var(--wp--preset--spacing--10);padding-bottom:var(--wp--preset--spacing--10);padding-left:var(--wp--preset--spacing--10)\">\n<figure class=\"wp-block-image aligncenter size-full has-custom-border zoom is-style-default wp-duotone-unset-1\"><img loading=\"lazy\" decoding=\"async\" width=\"700\" height=\"700\" src=\"http:\/\/home2be.hu\/wp-content\/uploads\/2025\/05\/Mariann_05.jpg\" alt=\"\" class=\"wp-image-2170\" style=\"border-radius:20px;aspect-ratio:1;object-fit:cover\" srcset=\"https:\/\/home2be.hu\/wp-content\/uploads\/2025\/05\/Mariann_05.jpg 700w, https:\/\/home2be.hu\/wp-content\/uploads\/2025\/05\/Mariann_05-300x300.jpg 300w, https:\/\/home2be.hu\/wp-content\/uploads\/2025\/05\/Mariann_05-150x150.jpg 150w, https:\/\/home2be.hu\/wp-content\/uploads\/2025\/05\/Mariann_05-12x12.jpg 12w\" sizes=\"auto, (max-width: 700px) 100vw, 700px\" \/><\/figure>\n\n\n\n<div class=\"wp-block-group has-global-padding is-layout-constrained wp-container-core-group-is-layout-19e250f3 wp-block-group-is-layout-constrained\">\n<h4 class=\"wp-block-heading\"><mark style=\"background-color:rgba(0, 0, 0, 0)\" class=\"has-inline-color has-contrast-2-color\">Mariann<\/mark><\/h4>\n\n\n\n<p><strong>Designer lead \/ Project Manager<\/strong><\/p>\n\n\n\n<p style=\"padding-top:var(--wp--preset--spacing--10);padding-bottom:var(--wp--preset--spacing--10)\">There is no creative idea or design that would deter her from the fact that a property is the most important investment of our clients\u2019 lives.<\/p>\n\n\n\n<p style=\"padding-top:0;padding-bottom:0\">Thoughtful market research and up-to-date real estate knowledge guarantees that finished property will not only satisfy our clients\u2019 aesthetic desires, but also their financial goals.<\/p>\n<\/div>\n<\/div>\n\n\n\n<div class=\"wp-block-column animated fadeInUp slow delay-200ms is-layout-flow wp-container-core-column-is-layout-d42f1474 wp-block-column-is-layout-flow\" style=\"padding-top:var(--wp--preset--spacing--40);padding-right:var(--wp--preset--spacing--10);padding-bottom:var(--wp--preset--spacing--40);padding-left:var(--wp--preset--spacing--10)\">\n<figure class=\"wp-block-image size-full has-custom-border is-style-rounded zoom wp-duotone-unset-3 is-style-rounded--2\"><img loading=\"lazy\" decoding=\"async\" width=\"700\" height=\"700\" src=\"http:\/\/home2be.hu\/wp-content\/uploads\/2025\/05\/Krisztian_05.jpg\" alt=\"\" class=\"wp-image-2171\" style=\"border-radius:20px;aspect-ratio:1;object-fit:cover\" srcset=\"https:\/\/home2be.hu\/wp-content\/uploads\/2025\/05\/Krisztian_05.jpg 700w, https:\/\/home2be.hu\/wp-content\/uploads\/2025\/05\/Krisztian_05-300x300.jpg 300w, https:\/\/home2be.hu\/wp-content\/uploads\/2025\/05\/Krisztian_05-150x150.jpg 150w, https:\/\/home2be.hu\/wp-content\/uploads\/2025\/05\/Krisztian_05-12x12.jpg 12w\" sizes=\"auto, (max-width: 700px) 100vw, 700px\" \/><\/figure>\n\n\n\n<div class=\"wp-block-group has-global-padding is-layout-constrained wp-container-core-group-is-layout-19e250f3 wp-block-group-is-layout-constrained\">\n<h4 class=\"wp-block-heading\"><mark style=\"background-color:rgba(0, 0, 0, 0)\" class=\"has-inline-color has-contrast-2-color\">Kriszti\u00e1n<\/mark><\/h4>\n\n\n\n<p><strong>CEO \/ Project Manager<\/strong><\/p>\n\n\n\n<p style=\"padding-top:var(--wp--preset--spacing--10);padding-bottom:var(--wp--preset--spacing--10)\">Kriszti\u00e1n gained his creativity and management experience in a multinational business environment.<\/p>\n\n\n\n<p style=\"padding-top:0;padding-bottom:0\">As the planning leader and project manager, his solution-focused mentality and persistence to seek out innovative ideas makes him a valuable asset to our team.<\/p>\n<\/div>\n<\/div>\n<\/div>\n\n\n\n<p><\/p>","protected":false},"excerpt":{"rendered":"<p>R\u00f3lunk A Home2be csapata otthonok kivitelez\u00e9s\u00e9t \u00e9s teljesk\u00f6r\u0171 lakberendez\u00e9si szolg\u00e1ltat\u00e1s\u00e1t k\u00edn\u00e1lja. Szenved\u00e9ly\u00fcnk a sz\u00e9p \u00e9s funkcion\u00e1lis \u00e9letterek megalkot\u00e1sa, melyet az a meggy\u0151z\u0151d\u00e9s vez\u00e9rel, hogy \u201eA diz\u00e1jn nem csup\u00e1n arr\u00f3l sz\u00f3l, hogyan n\u00e9z ki, vagy milyen \u00e9rz\u00e9st kelt, hanem arr\u00f3l is, hogyan m\u0171k\u00f6dik\u201d (Steve Jobs). Engedd meg, hogy otthonodat olyan t\u00e9rr\u00e9 alak\u00edtsuk, amely t\u00fckr\u00f6zi st\u00edlusodat \u00e9s [&hellip;]<\/p>\n","protected":false},"author":1,"featured_media":0,"parent":0,"menu_order":0,"comment_status":"closed","ping_status":"closed","template":"","meta":{"_editorskit_title_hidden":false,"_editorskit_reading_time":0,"_editorskit_is_block_options_detached":false,"_editorskit_block_options_position":"{}","inline_featured_image":false,"pgc_sgb_lightbox_settings":"","footnotes":""},"class_list":["post-654","page","type-page","status-publish","hentry"],"_links":{"self":[{"href":"https:\/\/home2be.hu\/en\/wp-json\/wp\/v2\/pages\/654","targetHints":{"allow":["GET"]}}],"collection":[{"href":"https:\/\/home2be.hu\/en\/wp-json\/wp\/v2\/pages"}],"about":[{"href":"https:\/\/home2be.hu\/en\/wp-json\/wp\/v2\/types\/page"}],"author":[{"embeddable":true,"href":"https:\/\/home2be.hu\/en\/wp-json\/wp\/v2\/users\/1"}],"replies":[{"embeddable":true,"href":"https:\/\/home2be.hu\/en\/wp-json\/wp\/v2\/comments?post=654"}],"version-history":[{"count":55,"href":"https:\/\/home2be.hu\/en\/wp-json\/wp\/v2\/pages\/654\/revisions"}],"predecessor-version":[{"id":2356,"href":"https:\/\/home2be.hu\/en\/wp-json\/wp\/v2\/pages\/654\/revisions\/2356"}],"wp:attachment":[{"href":"https:\/\/home2be.hu\/en\/wp-json\/wp\/v2\/media?parent=654"}],"curies":[{"name":"wp","href":"https:\/\/api.w.org\/{rel}","templated":true}]}}